{"id":1954,"date":"2025-07-24T19:56:17","date_gmt":"2025-07-24T19:56:17","guid":{"rendered":"https:\/\/etikoolitus.ee\/?page_id=1954"},"modified":"2025-07-24T19:56:19","modified_gmt":"2025-07-24T19:56:19","slug":"tegevuse-kvaliteedi-tagamise-alused","status":"publish","type":"page","link":"https:\/\/etikoolitus.ee\/ru\/tegevuse-kvaliteedi-tagamise-alused\/","title":{"rendered":"\u041e\u0441\u043d\u043e\u0432\u044b \u043e\u0431\u0435\u0441\u043f\u0435\u0447\u0435\u043d\u0438\u044f \u043a\u0430\u0447\u0435\u0441\u0442\u0432\u0430 \u043e\u0431\u0443\u0447\u0435\u043d\u0438\u044f"},"content":{"rendered":"<p><strong>\u041e\u0441\u043d\u043e\u0432\u044b \u043e\u0431\u0435\u0441\u043f\u0435\u0447\u0435\u043d\u0438\u044f \u043a\u0430\u0447\u0435\u0441\u0442\u0432\u0430 \u0434\u0435\u044f\u0442\u0435\u043b\u044c\u043d\u043e\u0441\u0442\u0438 \u0426\u0435\u043d\u0442\u0440\u0430 \u0414\u043e\u043f\u043e\u043b\u043d\u0438\u0442\u0435\u043b\u044c\u043d\u043e\u0433\u043e \u041e\u0431\u0440\u0430\u0437\u043e\u0432\u0430\u043d\u0438\u044f ETI<\/strong><\/p>\n\n\n\n<p><strong>1. \u041e\u0411\u0429\u0418\u0415 \u041f\u041e\u041b\u041e\u0416\u0415\u041d\u0418\u042f<\/strong><\/p>\n\n\n\n<p>1.1. \u0423\u0447\u0435\u0431\u043d\u043e\u0435 \u0437\u0430\u0432\u0435\u0434\u0435\u043d\u0438\u0435, \u0443\u0447\u0440\u0435\u0436\u0434\u0451\u043d\u043d\u043e\u0435 ETI Koolituse MT\u00dc (\u0440\u0435\u0433. \u2116 80330800) \u0438 ETI Koolituskeskus O\u00dc (\u0440\u0435\u0433. \u2116 14168565), \u043d\u0430\u0437\u044b\u0432\u0430\u0435\u0442\u0441\u044f \u0426\u0435\u043d\u0442\u0440 \u0414\u043e\u043f\u043e\u043b\u043d\u0438\u0442\u0435\u043b\u044c\u043d\u043e\u0433\u043e \u041e\u0431\u0440\u0430\u0437\u043e\u0432\u0430\u043d\u0438\u044f ETI (\u0434\u0430\u043b\u0435\u0435 \u2014 \u0426\u0435\u043d\u0442\u0440), \u0438 \u043f\u0440\u0438 \u043e\u0431\u0435\u0441\u043f\u0435\u0447\u0435\u043d\u0438\u0438 \u043a\u0430\u0447\u0435\u0441\u0442\u0432\u0430 \u0434\u043e\u043f\u043e\u043b\u043d\u0438\u0442\u0435\u043b\u044c\u043d\u043e\u0433\u043e \u043e\u0431\u0440\u0430\u0437\u043e\u0432\u0430\u043d\u0438\u044f \u0440\u0443\u043a\u043e\u0432\u043e\u0434\u0441\u0442\u0432\u0443\u0435\u0442\u0441\u044f \u0417\u0430\u043a\u043e\u043d\u043e\u043c \u043e\u0431 \u043e\u0431\u0443\u0447\u0435\u043d\u0438\u0438 \u0432\u0437\u0440\u043e\u0441\u043b\u044b\u0445, \u0434\u0435\u043b\u043e\u0432\u043e\u0439 \u044d\u0442\u0438\u043a\u043e\u0439 \u043e\u0440\u0433\u0430\u043d\u0438\u0437\u0430\u0446\u0438\u0438, \u0443\u0441\u0442\u0430\u0432\u043e\u043c \u0438 \u043e\u0441\u043d\u043e\u0432\u0430\u043c\u0438 \u043e\u0440\u0433\u0430\u043d\u0438\u0437\u0430\u0446\u0438\u0438 \u0443\u0447\u0435\u0431\u043d\u043e\u0433\u043e \u043f\u0440\u043e\u0446\u0435\u0441\u0441\u0430.<\/p>\n\n\n\n<p>1.2. \u0426\u0435\u043d\u0442\u0440 \u043f\u0440\u0435\u0434\u043e\u0441\u0442\u0430\u0432\u043b\u044f\u0435\u0442 \u043f\u0440\u043e\u0444\u0435\u0441\u0441\u0438\u043e\u043d\u0430\u043b\u044c\u043d\u043e\u0435 \u0438 \u043d\u0435\u0444\u043e\u0440\u043c\u0430\u043b\u044c\u043d\u043e\u0435 \u0434\u043e\u043f\u043e\u043b\u043d\u0438\u0442\u0435\u043b\u044c\u043d\u043e\u0435 \u043e\u0431\u0443\u0447\u0435\u043d\u0438\u0435 \u0434\u043b\u044f \u0432\u0437\u0440\u043e\u0441\u043b\u044b\u0445.<\/p>\n\n\n\n<p>1.3. \u041f\u0440\u0438 \u043f\u0440\u043e\u0432\u0435\u0434\u0435\u043d\u0438\u0438 \u043a\u0443\u0440\u0441\u043e\u0432 \u0438 \u0432\u0437\u0430\u0438\u043c\u043e\u0434\u0435\u0439\u0441\u0442\u0432\u0438\u0438 \u0441 \u043a\u043b\u0438\u0435\u043d\u0442\u0430\u043c\u0438 \u043c\u044b \u043f\u0440\u0438\u0434\u0435\u0440\u0436\u0438\u0432\u0430\u0435\u043c\u0441\u044f \u0446\u0435\u043d\u043d\u043e\u0441\u0442\u043d\u043e\u0433\u043e \u043f\u043e\u0434\u0445\u043e\u0434\u0430, \u043e\u0442\u043a\u0440\u044b\u0442\u043e\u0441\u0442\u0438, \u0447\u0435\u0441\u0442\u043d\u043e\u0441\u0442\u0438 \u0438 \u0433\u043e\u0442\u043e\u0432\u043d\u043e\u0441\u0442\u0438 \u043f\u043e\u043c\u043e\u0447\u044c.<\/p>\n\n\n\n<hr class=\"wp-block-separator has-alpha-channel-opacity\"\/>\n\n\n\n<p><strong>2. \u0423\u0421\u041b\u041e\u0412\u0418\u042f \u0418 \u041f\u041e\u0420\u042f\u0414\u041e\u041a \u041e\u0411\u0415\u0421\u041f\u0415\u0427\u0415\u041d\u0418\u042f \u041a\u0410\u0427\u0415\u0421\u0422\u0412\u0410 \u0423\u0427\u0415\u0411\u041d\u042b\u0425 \u041f\u0420\u041e\u0413\u0420\u0410\u041c\u041c<\/strong><\/p>\n\n\n\n<p>2.1. \u041f\u0440\u0438 \u0441\u043e\u0441\u0442\u0430\u0432\u043b\u0435\u043d\u0438\u0438 \u0443\u0447\u0435\u0431\u043d\u044b\u0445 \u043f\u0440\u043e\u0433\u0440\u0430\u043c\u043c \u043c\u044b \u0440\u0443\u043a\u043e\u0432\u043e\u0434\u0441\u0442\u0432\u0443\u0435\u043c\u0441\u044f \u0417\u0430\u043a\u043e\u043d\u043e\u043c \u043e\u0431 \u043e\u0431\u0443\u0447\u0435\u043d\u0438\u0438 \u0432\u0437\u0440\u043e\u0441\u043b\u044b\u0445, \u0440\u0443\u043a\u043e\u0432\u043e\u0434\u0441\u0442\u0432\u043e\u043c \u043f\u043e \u0441\u043e\u0441\u0442\u0430\u0432\u043b\u0435\u043d\u0438\u044e \u0443\u0447\u0435\u0431\u043d\u044b\u0445 \u043f\u0440\u043e\u0433\u0440\u0430\u043c\u043c \u0434\u043e\u043f\u043e\u043b\u043d\u0438\u0442\u0435\u043b\u044c\u043d\u043e\u0433\u043e \u043e\u0431\u0440\u0430\u0437\u043e\u0432\u0430\u043d\u0438\u044f \u0438 \u0441\u0442\u0430\u043d\u0434\u0430\u0440\u0442\u043e\u043c \u0434\u043e\u043f\u043e\u043b\u043d\u0438\u0442\u0435\u043b\u044c\u043d\u043e\u0433\u043e \u043e\u0431\u0440\u0430\u0437\u043e\u0432\u0430\u043d\u0438\u044f.<\/p>\n\n\n\n<hr class=\"wp-block-separator has-alpha-channel-opacity\"\/>\n\n\n\n<p>2.2. \u0412 \u0443\u0447\u0435\u0431\u043d\u043e\u0439 \u043f\u0440\u043e\u0433\u0440\u0430\u043c\u043c\u0435 \u0426\u0435\u043d\u0442\u0440\u0430 \u0443\u043a\u0430\u0437\u044b\u0432\u0430\u044e\u0442\u0441\u044f \u0441\u043b\u0435\u0434\u0443\u044e\u0449\u0438\u0435 \u0434\u0430\u043d\u043d\u044b\u0435:<\/p>\n\n\n\n<ol class=\"wp-block-list\">\n<li>\u043d\u0430\u0437\u0432\u0430\u043d\u0438\u0435 \u0443\u0447\u0435\u0431\u043d\u043e\u0439 \u043f\u0440\u043e\u0433\u0440\u0430\u043c\u043c\u044b;<\/li>\n\n\n\n<li>\u0446\u0435\u043b\u0435\u0432\u0430\u044f \u0433\u0440\u0443\u043f\u043f\u0430 \u0443\u0447\u0435\u0431\u043d\u043e\u0439 \u043f\u0440\u043e\u0433\u0440\u0430\u043c\u043c\u044b;<\/li>\n\n\n\n<li>\u0446\u0435\u043b\u044c \u0438 \u0440\u0435\u0437\u0443\u043b\u044c\u0442\u0430\u0442\u044b \u043e\u0431\u0443\u0447\u0435\u043d\u0438\u044f;<\/li>\n\n\n\n<li>\u0443\u0441\u043b\u043e\u0432\u0438\u044f \u043d\u0430\u0447\u0430\u043b\u0430 \u043e\u0431\u0443\u0447\u0435\u043d\u0438\u044f, \u0435\u0441\u043b\u0438 \u043e\u043d\u0438 \u044f\u0432\u043b\u044f\u044e\u0442\u0441\u044f \u043f\u0440\u0435\u0434\u043f\u043e\u0441\u044b\u043b\u043a\u043e\u0439 \u0434\u043b\u044f \u0434\u043e\u0441\u0442\u0438\u0436\u0435\u043d\u0438\u044f \u0440\u0435\u0437\u0443\u043b\u044c\u0442\u0430\u0442\u043e\u0432 \u043e\u0431\u0443\u0447\u0435\u043d\u0438\u044f;<\/li>\n\n\n\n<li>\u043e\u0431\u0449\u0438\u0439 \u043e\u0431\u044a\u0435\u043c \u0443\u0447\u0435\u0431\u043d\u043e\u0433\u043e \u043a\u0443\u0440\u0441\u0430, \u0432\u043a\u043b\u044e\u0447\u0430\u044f \u0430\u0443\u0434\u0438\u0442\u043e\u0440\u043d\u044b\u0435 \u0437\u0430\u043d\u044f\u0442\u0438\u044f, \u043f\u0440\u0430\u043a\u0442\u0438\u0447\u0435\u0441\u043a\u0443\u044e \u0438 \u0441\u0430\u043c\u043e\u0441\u0442\u043e\u044f\u0442\u0435\u043b\u044c\u043d\u0443\u044e \u0440\u0430\u0431\u043e\u0442\u0443;<\/li>\n\n\n\n<li>\u0441\u043e\u0434\u0435\u0440\u0436\u0430\u043d\u0438\u0435 \u043e\u0431\u0443\u0447\u0435\u043d\u0438\u044f;<\/li>\n\n\n\n<li>\u043e\u043f\u0438\u0441\u0430\u043d\u0438\u0435 \u0443\u0447\u0435\u0431\u043d\u043e\u0439 \u0441\u0440\u0435\u0434\u044b;<\/li>\n\n\n\n<li>\u043f\u0435\u0440\u0435\u0447\u0435\u043d\u044c \u0443\u0447\u0435\u0431\u043d\u044b\u0445 \u043c\u0430\u0442\u0435\u0440\u0438\u0430\u043b\u043e\u0432, \u0435\u0441\u043b\u0438 \u043e\u043d\u0438 \u043d\u0435\u043e\u0431\u0445\u043e\u0434\u0438\u043c\u044b \u0434\u043b\u044f \u043f\u0440\u043e\u0445\u043e\u0436\u0434\u0435\u043d\u0438\u044f \u043a\u0443\u0440\u0441\u0430;<\/li>\n\n\n\n<li>\u0443\u0441\u043b\u043e\u0432\u0438\u044f \u043e\u043a\u043e\u043d\u0447\u0430\u043d\u0438\u044f \u043a\u0443\u0440\u0441\u0430 \u0438 \u0432\u044b\u0434\u0430\u0432\u0430\u0435\u043c\u044b\u0435 \u0434\u043e\u043a\u0443\u043c\u0435\u043d\u0442\u044b;<\/li>\n\n\n\n<li>\u043e\u043f\u0438\u0441\u0430\u043d\u0438\u0435 \u043d\u0435\u043e\u0431\u0445\u043e\u0434\u0438\u043c\u044b\u0445 \u043a\u0432\u0430\u043b\u0438\u0444\u0438\u043a\u0430\u0446\u0438\u0439, \u0443\u0447\u0435\u0431\u043d\u043e\u0433\u043e \u0438\u043b\u0438 \u043f\u0440\u043e\u0444\u0435\u0441\u0441\u0438\u043e\u043d\u0430\u043b\u044c\u043d\u043e\u0433\u043e \u043e\u043f\u044b\u0442\u0430 \u043f\u0440\u0435\u043f\u043e\u0434\u0430\u0432\u0430\u0442\u0435\u043b\u044f.<\/li>\n<\/ol>\n\n\n\n<p>2.3. \u0423\u0447\u0435\u0431\u043d\u044b\u0435 \u043f\u0440\u043e\u0433\u0440\u0430\u043c\u043c\u044b \u0440\u0430\u0437\u0440\u0430\u0431\u0430\u0442\u044b\u0432\u0430\u044e\u0442\u0441\u044f \u0441 \u0443\u0447\u0435\u0442\u043e\u043c \u043f\u043e\u0442\u0440\u0435\u0431\u043d\u043e\u0441\u0442\u0435\u0439 \u0446\u0435\u043b\u0435\u0432\u044b\u0445 \u0433\u0440\u0443\u043f\u043f, \u043a\u0430\u0436\u0434\u0430\u044f \u043f\u0440\u043e\u0433\u0440\u0430\u043c\u043c\u0430 \u0438\u043c\u0435\u0435\u0442 \u043f\u0440\u0430\u043a\u0442\u0438\u0447\u0435\u0441\u043a\u0443\u044e \u043d\u0430\u043f\u0440\u0430\u0432\u043b\u0435\u043d\u043d\u043e\u0441\u0442\u044c \u0438 \u043f\u043e\u043c\u043e\u0433\u0430\u0435\u0442 \u0443\u0447\u0430\u0441\u0442\u043d\u0438\u043a\u0430\u043c \u0434\u043e\u0441\u0442\u0438\u0433\u0430\u0442\u044c \u043b\u0443\u0447\u0448\u0438\u0445 \u0438 \u0438\u0437\u043c\u0435\u0440\u0438\u043c\u044b\u0445 \u0440\u0435\u0437\u0443\u043b\u044c\u0442\u0430\u0442\u043e\u0432.<\/p>\n\n\n\n<p>2.4. \u041a\u0430\u0436\u0434\u043e\u043c\u0443 \u043a\u0443\u0440\u0441\u0443 \u0441\u043e\u043e\u0442\u0432\u0435\u0442\u0441\u0442\u0432\u0443\u0435\u0442 \u0434\u0435\u0439\u0441\u0442\u0432\u0443\u044e\u0449\u0430\u044f \u0443\u0447\u0435\u0431\u043d\u0430\u044f \u043f\u0440\u043e\u0433\u0440\u0430\u043c\u043c\u0430.<\/p>\n\n\n\n<hr class=\"wp-block-separator has-alpha-channel-opacity\"\/>\n\n\n\n<p><strong>3. \u0423\u0421\u041b\u041e\u0412\u0418\u042f \u0418 \u041f\u041e\u0420\u042f\u0414\u041e\u041a \u041e\u0411\u0415\u0421\u041f\u0415\u0427\u0415\u041d\u0418\u042f \u041a\u0410\u0427\u0415\u0421\u0422\u0412\u0410 \u0423\u0427\u0415\u0411\u041d\u041e\u0419 \u0421\u0420\u0415\u0414\u042b<\/strong><\/p>\n\n\n\n<p>3.1. \u0426\u0435\u043d\u0442\u0440 \u043f\u0440\u043e\u0432\u043e\u0434\u0438\u0442 \u043e\u0431\u0443\u0447\u0435\u043d\u0438\u0435 \u0432 \u0443\u0447\u0435\u0431\u043d\u044b\u0445 \u043a\u043b\u0430\u0441\u0441\u0430\u0445, \u0441\u043e\u043e\u0442\u0432\u0435\u0442\u0441\u0442\u0432\u0443\u044e\u0449\u0438\u0445 \u0441\u0430\u043d\u0438\u0442\u0430\u0440\u043d\u044b\u043c \u0442\u0440\u0435\u0431\u043e\u0432\u0430\u043d\u0438\u044f\u043c. \u041a\u043b\u0430\u0441\u0441\u044b \u043e\u0441\u043d\u0430\u0449\u0435\u043d\u044b \u0441\u043e\u0432\u0440\u0435\u043c\u0435\u043d\u043d\u044b\u043c \u043f\u0440\u0435\u0437\u0435\u043d\u0442\u0430\u0446\u0438\u043e\u043d\u043d\u044b\u043c \u043e\u0431\u043e\u0440\u0443\u0434\u043e\u0432\u0430\u043d\u0438\u0435\u043c (\u043d\u0430\u043f\u0440\u0438\u043c\u0435\u0440, \u043f\u0440\u043e\u0435\u043a\u0442\u043e\u0440\u043e\u043c, \u043a\u043e\u043c\u043f\u044c\u044e\u0442\u0435\u0440\u043e\u043c, \u0434\u043e\u0441\u043a\u043e\u0439).<\/p>\n\n\n\n<p>3.2. \u041d\u0430 \u043a\u0443\u0440\u0441\u0430\u0445 \u043f\u0440\u0435\u0434\u043e\u0441\u0442\u0430\u0432\u043b\u044f\u044e\u0442\u0441\u044f \u0443\u0447\u0435\u0431\u043d\u044b\u0435 \u043c\u0430\u0442\u0435\u0440\u0438\u0430\u043b\u044b \u0432 \u043f\u0435\u0447\u0430\u0442\u043d\u043e\u043c \u0438\/\u0438\u043b\u0438 \u044d\u043b\u0435\u043a\u0442\u0440\u043e\u043d\u043d\u043e\u043c \u0432\u0438\u0434\u0435.<\/p>\n\n\n\n<p>3.3. \u0420\u0430\u0437\u043c\u0435\u0440 \u0443\u0447\u0435\u0431\u043d\u044b\u0445 \u0433\u0440\u0443\u043f\u043f \u0437\u0430\u0432\u0438\u0441\u0438\u0442 \u043e\u0442 \u0445\u0430\u0440\u0430\u043a\u0442\u0435\u0440\u0430 \u043a\u0443\u0440\u0441\u0430, \u043d\u043e \u0446\u0435\u043b\u044c \u2014 \u043e\u0431\u0435\u0441\u043f\u0435\u0447\u0438\u0442\u044c \u0438\u043d\u0434\u0438\u0432\u0438\u0434\u0443\u0430\u043b\u044c\u043d\u044b\u0439 \u043f\u043e\u0434\u0445\u043e\u0434 \u0432 \u0442\u0435\u0447\u0435\u043d\u0438\u0435 \u0432\u0441\u0435\u0433\u043e \u0443\u0447\u0435\u0431\u043d\u043e\u0433\u043e \u043f\u0440\u043e\u0446\u0435\u0441\u0441\u0430.<\/p>\n\n\n\n<hr class=\"wp-block-separator has-alpha-channel-opacity\"\/>\n\n\n\n<p><strong>4. \u0423\u0421\u041b\u041e\u0412\u0418\u042f \u0418 \u041f\u041e\u0420\u042f\u0414\u041e\u041a \u041e\u0411\u0415\u0421\u041f\u0415\u0427\u0415\u041d\u0418\u042f \u041a\u0410\u0427\u0415\u0421\u0422\u0412\u0410 \u041f\u0420\u0415\u041f\u041e\u0414\u0410\u0412\u0410\u0422\u0415\u041b\u0415\u0419<\/strong><\/p>\n\n\n\n<p>4.1. \u041b\u0435\u043a\u0442\u043e\u0440\u044b \u0438\u043c\u0435\u044e\u0442 \u0432\u044b\u0441\u0448\u0435\u0435 \u043e\u0431\u0440\u0430\u0437\u043e\u0432\u0430\u043d\u0438\u0435 \u043f\u043e \u0441\u043f\u0435\u0446\u0438\u0430\u043b\u044c\u043d\u043e\u0441\u0442\u0438 \u0438\/\u0438\u043b\u0438 \u043f\u0435\u0434\u0430\u0433\u043e\u0433\u0438\u0447\u0435\u0441\u043a\u043e\u0435 \u043e\u0431\u0440\u0430\u0437\u043e\u0432\u0430\u043d\u0438\u0435, \u043b\u0438\u0431\u043e \u0430\u043a\u0442\u0438\u0432\u043d\u043e \u0440\u0430\u0431\u043e\u0442\u0430\u044e\u0442 \u0432 \u043f\u0440\u0435\u043f\u043e\u0434\u0430\u0432\u0430\u0435\u043c\u043e\u0439 \u0441\u0444\u0435\u0440\u0435 \u0438 \u043e\u0431\u043b\u0430\u0434\u0430\u044e\u0442 \u0441\u043e\u043e\u0442\u0432\u0435\u0442\u0441\u0442\u0432\u0443\u044e\u0449\u0438\u043c \u043e\u043f\u044b\u0442\u043e\u043c, \u043a\u043e\u0442\u043e\u0440\u044b\u0439 \u043c\u043e\u0433\u0443\u0442 \u043f\u043e\u0434\u0442\u0432\u0435\u0440\u0434\u0438\u0442\u044c.<\/p>\n\n\n\n<p>4.2. \u041b\u0435\u043a\u0442\u043e\u0440 \u0440\u0430\u0437\u0440\u0430\u0431\u0430\u0442\u044b\u0432\u0430\u0435\u0442 \u0443\u0447\u0435\u0431\u043d\u044b\u0439 \u043f\u043b\u0430\u043d (\u043a\u0430\u0440\u0442\u043e\u0447\u043a\u0443 \u043a\u0443\u0440\u0441\u0430) \u0432 \u0441\u043e\u043e\u0442\u0432\u0435\u0442\u0441\u0442\u0432\u0438\u0438 \u0441 \u043f\u0440\u043e\u0433\u0440\u0430\u043c\u043c\u043e\u0439.<\/p>\n\n\n\n<p>4.3. \u041f\u043e \u043e\u043a\u043e\u043d\u0447\u0430\u043d\u0438\u0438 \u043a\u0443\u0440\u0441\u0430 \u043b\u0435\u043a\u0442\u043e\u0440 \u043f\u0440\u0435\u0434\u043e\u0441\u0442\u0430\u0432\u043b\u044f\u0435\u0442 \u0440\u0443\u043a\u043e\u0432\u043e\u0434\u0438\u0442\u0435\u043b\u044e \u0426\u0435\u043d\u0442\u0440\u0430 \u043e\u0431\u0440\u0430\u0442\u043d\u0443\u044e \u0441\u0432\u044f\u0437\u044c \u043f\u043e \u0440\u0435\u0437\u0443\u043b\u044c\u0442\u0430\u0442\u0430\u043c \u043a\u0443\u0440\u0441\u0430 \u0438 \u043f\u0440\u0435\u0434\u043b\u043e\u0436\u0435\u043d\u0438\u044f \u043f\u043e \u0443\u043b\u0443\u0447\u0448\u0435\u043d\u0438\u044e.<\/p>\n\n\n\n<p>4.4. \u041f\u043e\u0441\u043b\u0435 \u043f\u043e\u043b\u0443\u0447\u0435\u043d\u0438\u044f \u0430\u043d\u043a\u0435\u0442 \u043e\u0431\u0440\u0430\u0442\u043d\u043e\u0439 \u0441\u0432\u044f\u0437\u0438 \u043e\u0442 \u0443\u0447\u0430\u0441\u0442\u043d\u0438\u043a\u043e\u0432 \u0440\u0443\u043a\u043e\u0432\u043e\u0434\u0441\u0442\u0432\u043e \u0430\u043d\u0430\u043b\u0438\u0437\u0438\u0440\u0443\u0435\u0442 \u043a\u0430\u043a \u0440\u0435\u0437\u0443\u043b\u044c\u0442\u0430\u0442\u044b \u043a\u0443\u0440\u0441\u0430, \u0442\u0430\u043a \u0438 \u0441\u043e\u0434\u0435\u0440\u0436\u0430\u043d\u0438\u0435 \u0430\u043d\u043a\u0435\u0442, \u0438 \u0434\u0430\u0435\u0442 \u0440\u0435\u043a\u043e\u043c\u0435\u043d\u0434\u0430\u0446\u0438\u0438 \u043b\u0435\u043a\u0442\u043e\u0440\u0443.<\/p>\n\n\n\n<hr class=\"wp-block-separator has-alpha-channel-opacity\"\/>\n\n\n\n<p><strong>5. \u041f\u041e\u0420\u042f\u0414\u041e\u041a \u0421\u0411\u041e\u0420\u0410 \u041e\u0411\u0420\u0410\u0422\u041d\u041e\u0419 \u0421\u0412\u042f\u0417\u0418 \u041e \u0414\u041e\u041f\u041e\u041b\u041d\u0418\u0422\u0415\u041b\u042c\u041d\u041e\u041c \u041e\u0411\u0423\u0427\u0415\u041d\u0418\u0418<\/strong><\/p>\n\n\n\n<p>5.1. \u041f\u043e\u0441\u043b\u0435 \u043a\u0430\u0436\u0434\u043e\u0433\u043e \u043a\u0443\u0440\u0441\u0430 \u0426\u0435\u043d\u0442\u0440 \u0437\u0430\u043f\u0440\u0430\u0448\u0438\u0432\u0430\u0435\u0442 \u043e\u0431\u0440\u0430\u0442\u043d\u0443\u044e \u0441\u0432\u044f\u0437\u044c \u0438 \u043f\u0440\u0435\u0434\u043b\u043e\u0436\u0435\u043d\u0438\u044f \u043f\u043e \u0443\u043b\u0443\u0447\u0448\u0435\u043d\u0438\u044e \u0443 \u0443\u0447\u0430\u0441\u0442\u043d\u0438\u043a\u043e\u0432. \u041e\u0431\u0440\u0430\u0442\u043d\u0430\u044f \u0441\u0432\u044f\u0437\u044c \u043c\u043e\u0436\u0435\u0442 \u0431\u044b\u0442\u044c \u043f\u0440\u0435\u0434\u043e\u0441\u0442\u0430\u0432\u043b\u0435\u043d\u0430 \u043f\u0438\u0441\u044c\u043c\u0435\u043d\u043d\u043e (\u043d\u0430 \u0431\u0443\u043c\u0430\u0433\u0435 \u0438\u043b\u0438 \u0432 \u0446\u0438\u0444\u0440\u043e\u0432\u043e\u043c \u0432\u0438\u0434\u0435), \u043f\u0440\u0438 \u043d\u0435\u043e\u0431\u0445\u043e\u0434\u0438\u043c\u043e\u0441\u0442\u0438 \u2014 \u0432 \u0444\u043e\u0440\u043c\u0435 \u0432\u0438\u0434\u0435\u043e\u0438\u043d\u0442\u0435\u0440\u0432\u044c\u044e. \u041f\u043e\u043b\u0443\u0447\u0435\u043d\u043d\u044b\u0435 \u0434\u0430\u043d\u043d\u044b\u0435 \u0430\u043d\u0430\u043b\u0438\u0437\u0438\u0440\u0443\u044e\u0442\u0441\u044f \u0438 \u0438\u0441\u043f\u043e\u043b\u044c\u0437\u0443\u044e\u0442\u0441\u044f \u0434\u043b\u044f \u0443\u043b\u0443\u0447\u0448\u0435\u043d\u0438\u044f \u043a\u0430\u0447\u0435\u0441\u0442\u0432\u0430 \u043a\u0443\u0440\u0441\u043e\u0432.<\/p>\n\n\n\n<p>5.2. \u0426\u0435\u043d\u0442\u0440 \u0441\u043e\u0431\u0438\u0440\u0430\u0435\u0442 \u0441\u043b\u0435\u0434\u0443\u044e\u0449\u0438\u0435 \u0434\u0430\u043d\u043d\u044b\u0435 \u043e \u0441\u043b\u0443\u0448\u0430\u0442\u0435\u043b\u044f\u0445: \u0438\u043c\u044f, \u0430\u0434\u0440\u0435\u0441 \u044d\u043b\u0435\u043a\u0442\u0440\u043e\u043d\u043d\u043e\u0439 \u043f\u043e\u0447\u0442\u044b, \u0442\u0435\u043b\u0435\u0444\u043e\u043d \u0438 \u043b\u0438\u0447\u043d\u044b\u0439 \u043a\u043e\u0434. \u041e\u0431\u0440\u0430\u0431\u043e\u0442\u043a\u0430 \u043f\u0435\u0440\u0441\u043e\u043d\u0430\u043b\u044c\u043d\u044b\u0445 \u0434\u0430\u043d\u043d\u044b\u0445 \u043e\u0441\u0443\u0449\u0435\u0441\u0442\u0432\u043b\u044f\u0435\u0442\u0441\u044f \u0432 \u0441\u043e\u043e\u0442\u0432\u0435\u0442\u0441\u0442\u0432\u0438\u0438 \u0441 \u00a7 6 \u0417\u0430\u043a\u043e\u043d\u0430 \u043e \u0437\u0430\u0449\u0438\u0442\u0435 \u043f\u0435\u0440\u0441\u043e\u043d\u0430\u043b\u044c\u043d\u044b\u0445 \u0434\u0430\u043d\u043d\u044b\u0445.<\/p>","protected":false},"excerpt":{"rendered":"<p>ETI T\u00e4ienduskoolituskeskuse tegevuse kvaliteedi tagamise alused 1. \u00dcLDS\u00c4TTED 1.1. ETI Koolituse MT\u00dc (registrinumber 80330800) ja ETI Koolituskeskus O\u00dc (registrinumber 14168565) poolt asutatud koolitusasutuse nimi on ETI T\u00e4ienduskoolituskeskus (edaspidi Koolituskeskus), mis l\u00e4htub t\u00e4ienduskoolituse kvaliteedi tagamisel T\u00e4iskasvanute koolituse seadusest, organisatsiooni \u00e4rieetikast, p\u00f5hikirjast ning \u00f5ppekorralduse&#8230;<\/p>","protected":false},"author":1,"featured_media":0,"parent":0,"menu_order":0,"comment_status":"closed","ping_status":"closed","template":"","meta":{"_acf_changed":false,"order-bump-settings":[],"_wpfnl_thankyou_order_overview":"on","_wpfnl_thankyou_order_details":"on","_wpfnl_thankyou_billing_details":"on","_wpfnl_thankyou_shipping_details":"on","_themeisle_gutenberg_block_has_review":false,"footnotes":""},"class_list":["post-1954","page","type-page","status-publish","hentry"],"acf":[],"_links":{"self":[{"href":"https:\/\/etikoolitus.ee\/ru\/wp-json\/wp\/v2\/pages\/1954","targetHints":{"allow":["GET"]}}],"collection":[{"href":"https:\/\/etikoolitus.ee\/ru\/wp-json\/wp\/v2\/pages"}],"about":[{"href":"https:\/\/etikoolitus.ee\/ru\/wp-json\/wp\/v2\/types\/page"}],"author":[{"embeddable":true,"href":"https:\/\/etikoolitus.ee\/ru\/wp-json\/wp\/v2\/users\/1"}],"replies":[{"embeddable":true,"href":"https:\/\/etikoolitus.ee\/ru\/wp-json\/wp\/v2\/comments?post=1954"}],"version-history":[{"count":1,"href":"https:\/\/etikoolitus.ee\/ru\/wp-json\/wp\/v2\/pages\/1954\/revisions"}],"predecessor-version":[{"id":1955,"href":"https:\/\/etikoolitus.ee\/ru\/wp-json\/wp\/v2\/pages\/1954\/revisions\/1955"}],"wp:attachment":[{"href":"https:\/\/etikoolitus.ee\/ru\/wp-json\/wp\/v2\/media?parent=1954"}],"curies":[{"name":"wp","href":"https:\/\/api.w.org\/{rel}","templated":true}]}}