{"id":1950,"date":"2025-07-24T19:10:52","date_gmt":"2025-07-24T19:10:52","guid":{"rendered":"https:\/\/etikoolitus.ee\/?page_id=1950"},"modified":"2025-07-24T20:09:00","modified_gmt":"2025-07-24T20:09:00","slug":"majandustegevusteade-ja-tegevusluba","status":"publish","type":"page","link":"https:\/\/etikoolitus.ee\/ru\/majandustegevusteade-ja-tegevusluba\/","title":{"rendered":"\u0420\u0430\u0437\u0440\u0435\u0448\u0435\u043d\u0438\u0435 \u043d\u0430 \u0434\u0435\u044f\u0442\u0435\u043b\u044c\u043d\u043e\u0441\u0442\u044c"},"content":{"rendered":"<p><strong>O\u00dc ETI Koolituskeskus<\/strong><\/p>\n\n\n\n<p><strong>\u0420\u0430\u0437\u0440\u0435\u0448\u0435\u043d\u0438\u0435 \u043d\u0430 \u0434\u0435\u044f\u0442\u0435\u043b\u044c\u043d\u043e\u0441\u0442\u044c nr 214138<\/strong><\/p>\n\n\n\n<hr class=\"wp-block-separator has-alpha-channel-opacity is-style-wide\"\/>\n\n\n\n<p><strong>MT\u00dc ETI Koolitus<\/strong><\/p>\n\n\n\n<p><strong>\u0420\u0430\u0437\u0440\u0435\u0448\u0435\u043d\u0438\u0435 \u043d\u0430 \u0434\u0435\u044f\u0442\u0435\u043b\u044c\u043d\u043e\u0441\u0442\u044c nr 167097<\/strong><\/p>\n\n\n\n<p>\u041d\u0430 \u043e\u0441\u043d\u043e\u0432\u0430\u043d\u0438\u0438 \u043f\u0440\u0438\u043a\u0430\u0437\u0430 \u043a\u0430\u043d\u0446\u043b\u0435\u0440\u0430 \u041c\u0438\u043d\u0438\u0441\u0442\u0435\u0440\u0441\u0442\u0432\u0430 \u043e\u0431\u0440\u0430\u0437\u043e\u0432\u0430\u043d\u0438\u044f \u0438 \u043d\u0430\u0443\u043a\u0438 \u043e\u0442 08.04.2019 \u2116 1.1-3\/19\/88\nMT\u00dc ETI Koolitus \u0432\u044b\u0434\u0430\u043d\u0430 \u043b\u0438\u0446\u0435\u043d\u0437\u0438\u044f \u043d\u0430 \u043f\u0440\u043e\u0432\u0435\u0434\u0435\u043d\u0438\u0435 \u0434\u043e\u043f\u043e\u043b\u043d\u0438\u0442\u0435\u043b\u044c\u043d\u043e\u0433\u043e \u043e\u0431\u0443\u0447\u0435\u043d\u0438\u044f \u043f\u043e \u044d\u0441\u0442\u043e\u043d\u0441\u043a\u043e\u043c\u0443 \u044f\u0437\u044b\u043a\u0443 \u0434\u043b\u044f \u043f\u043e\u0434\u0433\u043e\u0442\u043e\u0432\u043a\u0438 \u043a \u043a\u0432\u0430\u043b\u0438\u0444\u0438\u043a\u0430\u0446\u0438\u043e\u043d\u043d\u044b\u043c \u044d\u043a\u0437\u0430\u043c\u0435\u043d\u0430\u043c \u0443\u0440\u043e\u0432\u043d\u0435\u0439 A2, B1 \u0438 B2.<\/p>\n\n\n\n<p>\u041d\u0430 \u043e\u0441\u043d\u043e\u0432\u0430\u043d\u0438\u0438 \u043f\u0440\u0438\u043a\u0430\u0437\u0430 \u043a\u0430\u043d\u0446\u043b\u0435\u0440\u0430 \u041c\u0438\u043d\u0438\u0441\u0442\u0435\u0440\u0441\u0442\u0432\u0430 \u043e\u0431\u0440\u0430\u0437\u043e\u0432\u0430\u043d\u0438\u044f \u0438 \u043d\u0430\u0443\u043a\u0438 \u043e\u0442 09.03.2020 \u2116 1.1-3\/20\/51\n\u0432\u044b\u0434\u0430\u043d\u0430 \u043b\u0438\u0446\u0435\u043d\u0437\u0438\u044f \u043d\u0430 \u043f\u0440\u043e\u0432\u0435\u0434\u0435\u043d\u0438\u0435 \u0434\u043e\u043f\u043e\u043b\u043d\u0438\u0442\u0435\u043b\u044c\u043d\u043e\u0433\u043e \u043e\u0431\u0443\u0447\u0435\u043d\u0438\u044f \u043f\u043e \u044d\u0441\u0442\u043e\u043d\u0441\u043a\u043e\u043c\u0443 \u044f\u0437\u044b\u043a\u0443 \u0434\u043b\u044f \u043f\u043e\u0434\u0433\u043e\u0442\u043e\u0432\u043a\u0438 \u043a \u044d\u043a\u0437\u0430\u043c\u0435\u043d\u0443 \u0443\u0440\u043e\u0432\u043d\u044f C1.<\/p>","protected":false},"excerpt":{"rendered":"<p>O\u00dc ETI Koolituskeskus Majandustegevusteade nr 214138 MT\u00dc ETI Koolitus Majandustegevusteade nr 167097 Haridus- ja Teadusministeeriumi kantsleri 08.04.2019 k\u00e4skkirja nr 1.1-3\/19\/88 \u201eTegevuslubade andmine tasemeeksamiks ettevalmistamisele suunatud eesti keele t\u00e4ienduskoolituse l\u00e4biviimiseks\u201c alusel on MT\u00dc ETI Koolitusele antud tegevusluba keeleoskustasemetel A2, B1 ja B2 tasemeeksamiks&#8230;<\/p>","protected":false},"author":1,"featured_media":0,"parent":0,"menu_order":0,"comment_status":"closed","ping_status":"closed","template":"","meta":{"_acf_changed":false,"order-bump-settings":[],"_wpfnl_thankyou_order_overview":"on","_wpfnl_thankyou_order_details":"on","_wpfnl_thankyou_billing_details":"on","_wpfnl_thankyou_shipping_details":"on","_themeisle_gutenberg_block_has_review":false,"footnotes":""},"class_list":["post-1950","page","type-page","status-publish","hentry"],"acf":[],"_links":{"self":[{"href":"https:\/\/etikoolitus.ee\/ru\/wp-json\/wp\/v2\/pages\/1950","targetHints":{"allow":["GET"]}}],"collection":[{"href":"https:\/\/etikoolitus.ee\/ru\/wp-json\/wp\/v2\/pages"}],"about":[{"href":"https:\/\/etikoolitus.ee\/ru\/wp-json\/wp\/v2\/types\/page"}],"author":[{"embeddable":true,"href":"https:\/\/etikoolitus.ee\/ru\/wp-json\/wp\/v2\/users\/1"}],"replies":[{"embeddable":true,"href":"https:\/\/etikoolitus.ee\/ru\/wp-json\/wp\/v2\/comments?post=1950"}],"version-history":[{"count":1,"href":"https:\/\/etikoolitus.ee\/ru\/wp-json\/wp\/v2\/pages\/1950\/revisions"}],"predecessor-version":[{"id":1951,"href":"https:\/\/etikoolitus.ee\/ru\/wp-json\/wp\/v2\/pages\/1950\/revisions\/1951"}],"wp:attachment":[{"href":"https:\/\/etikoolitus.ee\/ru\/wp-json\/wp\/v2\/media?parent=1950"}],"curies":[{"name":"wp","href":"https:\/\/api.w.org\/{rel}","templated":true}]}}